{"id":157,"date":"2023-11-03T10:46:57","date_gmt":"2023-11-03T13:46:57","guid":{"rendered":"https:\/\/www.idbras.com.br\/id\/?page_id=157"},"modified":"2023-11-03T10:57:48","modified_gmt":"2023-11-03T13:57:48","slug":"sobre-nos","status":"publish","type":"page","link":"https:\/\/www.idbras.com.br\/id\/sobre-nos\/","title":{"rendered":"Sobre N\u00f3s"},"content":{"rendered":"\t\t<div data-elementor-type=\"wp-page\" data-elementor-id=\"157\" class=\"elementor elementor-157\" data-elementor-post-type=\"page\">\n\t\t\t\t<div class=\"elementor-element elementor-element-5ebcdab e-flex e-con-boxed e-con e-parent\" data-id=\"5ebcdab\" data-element_type=\"container\">\n\t\t\t\t\t<div class=\"e-con-inner\">\n\t\t<div class=\"elementor-element elementor-element-1adc60b e-con-full e-flex e-con e-child\" data-id=\"1adc60b\" data-element_type=\"container\">\n\t\t\t\t<div class=\"elementor-element elementor-element-d02e752 elementor-widget elementor-widget-heading\" data-id=\"d02e752\" data-element_type=\"widget\" data-widget_type=\"heading.default\">\n\t\t\t\t<div class=\"elementor-widget-container\">\n\t\t\t\t\t<h2 class=\"elementor-heading-title elementor-size-default\">Sobre N\u00f3s<\/h2>\t\t\t\t<\/div>\n\t\t\t\t<\/div>\n\t\t\t\t<div class=\"elementor-element elementor-element-69eef54 elementor-widget elementor-widget-text-editor\" data-id=\"69eef54\" data-element_type=\"widget\" data-widget_type=\"text-editor.default\">\n\t\t\t\t<div class=\"elementor-widget-container\">\n\t\t\t\t\t\t\t\t\t<p>Aqui na IDBRAS somos comprometidos em oferecer os melhores produtos, em desenvolvimento,\u00a0 sempre com aquele pre\u00e7o especial que cabe no seu bolso, tudo isso alinhado com uma atendimento ao cliente em tempo real, onde priorizamos sempre a satisfa\u00e7\u00e3o dos nossos consumidores.<\/p><p>Surgimos pela paix\u00e3o e pelo desejo de conectar as pessoas com o que h\u00e1 de melhor e mais moderno,\u00a0 sem a necessidade de sair de casa. Levamos a voc\u00ea a comodidade de contratar com a apenas um clique todas as tend\u00eancias mundiais para o melhor desempenho de seus neg\u00f3cios.<\/p><p>N\u00f3s somos apaixonados pelo o que fazemos! Temos uma equipe treinada e direcionada para sempre atualizarmos nossos sistemas com o que h\u00e1 de mais recente e sofisticado no cen\u00e1rio mundial.<\/p><p>Buscamos sempre os melhores m\u00e9todos para proporcionar aos nossos clientes o melhor pre\u00e7o e qualidade.\u00a0 Fazemos tudo para que possamos fornecer produtos que supram todas as exig\u00eancias dos nossos clientes.<\/p><div id=\"acfifjfajpekbmhmjppnmmjgmhjkildl\" class=\"acfifjfajpekbmhmjppnmmjgmhjkildl\">\u00a0<\/div><div id=\"acfifjfajpekbmhmjppnmmjgmhjkildl\" class=\"acfifjfajpekbmhmjppnmmjgmhjkildl\">\u00a0<\/div>\t\t\t\t\t\t\t\t<\/div>\n\t\t\t\t<\/div>\n\t\t\t\t<div class=\"elementor-element elementor-element-4d6ddc0 elementor-widget-divider--view-line_icon elementor-view-default elementor-widget-divider--element-align-center elementor-widget elementor-widget-divider\" data-id=\"4d6ddc0\" data-element_type=\"widget\" data-widget_type=\"divider.default\">\n\t\t\t\t<div class=\"elementor-widget-container\">\n\t\t\t\t\t\t\t<div class=\"elementor-divider\">\n\t\t\t<span class=\"elementor-divider-separator\">\n\t\t\t\t\t\t\t<div class=\"elementor-icon elementor-divider__element\">\n\t\t\t\t\t<svg aria-hidden=\"true\" class=\"e-font-icon-svg e-fas-star\" viewBox=\"0 0 576 512\" xmlns=\"http:\/\/www.w3.org\/2000\/svg\"><path d=\"M259.3 17.8L194 150.2 47.9 171.5c-26.2 3.8-36.7 36.1-17.7 54.6l105.7 103-25 145.5c-4.5 26.3 23.2 46 46.4 33.7L288 439.6l130.7 68.7c23.2 12.2 50.9-7.4 46.4-33.7l-25-145.5 105.7-103c19-18.5 8.5-50.8-17.7-54.6L382 150.2 316.7 17.8c-11.7-23.6-45.6-23.9-57.4 0z\"><\/path><\/svg><\/div>\n\t\t\t\t\t\t<\/span>\n\t\t<\/div>\n\t\t\t\t\t\t<\/div>\n\t\t\t\t<\/div>\n\t\t\t\t<\/div>\n\t\t<div class=\"elementor-element elementor-element-a2f4a97 e-con-full e-flex e-con e-child\" data-id=\"a2f4a97\" data-element_type=\"container\">\n\t\t\t\t<div class=\"elementor-element elementor-element-84271ca elementor-widget elementor-widget-image\" data-id=\"84271ca\" data-element_type=\"widget\" data-widget_type=\"image.default\">\n\t\t\t\t<div class=\"elementor-widget-container\">\n\t\t\t\t\t\t\t\t\t\t\t\t\t\t\t<img fetchpriority=\"high\" decoding=\"async\" width=\"459\" height=\"467\" src=\"https:\/\/www.idbras.com.br\/id\/wp-content\/uploads\/2022\/09\/cropped-Logo_IDBRAS_3D.png\" class=\"elementor-animation-grow attachment-full size-full wp-image-76\" alt=\"\" srcset=\"https:\/\/www.idbras.com.br\/id\/wp-content\/uploads\/2022\/09\/cropped-Logo_IDBRAS_3D.png 459w, https:\/\/www.idbras.com.br\/id\/wp-content\/uploads\/2022\/09\/cropped-Logo_IDBRAS_3D-295x300.png 295w\" sizes=\"(max-width: 459px) 100vw, 459px\" \/>\t\t\t\t\t\t\t\t\t\t\t\t\t\t\t<\/div>\n\t\t\t\t<\/div>\n\t\t\t\t<\/div>\n\t\t\t\t\t<\/div>\n\t\t\t\t<\/div>\n\t\t\t\t<\/div>\n\t\t","protected":false},"excerpt":{"rendered":"<p>Sobre N\u00f3s Aqui na IDBRAS somos comprometidos em oferecer os melhores produtos, em desenvolvimento,\u00a0 sempre com aquele pre\u00e7o especial que cabe no seu bolso, tudo isso alinhado com uma atendimento ao cliente em tempo real, onde priorizamos sempre a satisfa\u00e7\u00e3o dos nossos consumidores. Surgimos pela paix\u00e3o e pelo desejo de conectar as pessoas com o [&hellip;]<\/p>\n","protected":false},"author":1,"featured_media":0,"parent":0,"menu_order":0,"comment_status":"closed","ping_status":"closed","template":"elementor_header_footer","meta":{"footnotes":""},"class_list":["post-157","page","type-page","status-publish","hentry"],"_links":{"self":[{"href":"https:\/\/www.idbras.com.br\/id\/wp-json\/wp\/v2\/pages\/157","targetHints":{"allow":["GET"]}}],"collection":[{"href":"https:\/\/www.idbras.com.br\/id\/wp-json\/wp\/v2\/pages"}],"about":[{"href":"https:\/\/www.idbras.com.br\/id\/wp-json\/wp\/v2\/types\/page"}],"author":[{"embeddable":true,"href":"https:\/\/www.idbras.com.br\/id\/wp-json\/wp\/v2\/users\/1"}],"replies":[{"embeddable":true,"href":"https:\/\/www.idbras.com.br\/id\/wp-json\/wp\/v2\/comments?post=157"}],"version-history":[{"count":10,"href":"https:\/\/www.idbras.com.br\/id\/wp-json\/wp\/v2\/pages\/157\/revisions"}],"predecessor-version":[{"id":170,"href":"https:\/\/www.idbras.com.br\/id\/wp-json\/wp\/v2\/pages\/157\/revisions\/170"}],"wp:attachment":[{"href":"https:\/\/www.idbras.com.br\/id\/wp-json\/wp\/v2\/media?parent=157"}],"curies":[{"name":"wp","href":"https:\/\/api.w.org\/{rel}","templated":true}]}}